{"id":251,"date":"2019-06-25T14:26:16","date_gmt":"2019-06-25T17:26:16","guid":{"rendered":"https:\/\/educardigitalinova.net\/site\/?page_id=251"},"modified":"2019-06-25T14:26:16","modified_gmt":"2019-06-25T17:26:16","slug":"ii-seminario-de-cultura-digital-inovacao-e-educacao","status":"publish","type":"page","link":"https:\/\/educardigitalinova.com.br\/digital\/ii-seminario-de-cultura-digital-inovacao-e-educacao\/","title":{"rendered":"II Semin\u00e1rio de Cultura Digital, Inova\u00e7\u00e3o e Educa\u00e7\u00e3o"},"content":{"rendered":"<p style=\"text-align: center;\"><span style=\"font-size: 14pt;\"><strong>II Semin\u00e1rio de Cultura Digital, Inova\u00e7\u00e3o e Educa\u00e7\u00e3o <\/strong><\/span><\/p>\n<p style=\"text-align: center;\"><span style=\"font-size: 14pt;\"><strong>11 e 12 de Setembro de 2019 &#8211; UNIGRANRIO &#8211; Duque de Caxias <\/strong><\/span><\/p>\n<p style=\"text-align: center;\">Rua Prof. Jos\u00e9 de Souza Herdy, 1.160 &#8211; Jardim 25 de Agosto, Duque de Caxias &#8211; RJ<\/p>\n<p>&nbsp;<\/p>\n<p>Veja a Programa\u00e7\u00e3o no link abaixo:<\/p>\n<p><a href=\"https:\/\/educardigitalinova.com.br\/digital\/wp-content\/uploads\/2019\/09\/Programacao-Seminario-de-Cultura-Digital-2019-Divulgacao-V3-06-09-PDF.pdf\" target=\"_blank\" rel=\"noopener noreferrer\">Programa\u00e7\u00e3o Semin\u00e1rio de Cultura Digital 2019 &#8211; Atualizada em 06-09 &#8211; PDF<\/a><\/p>\n<p>&nbsp;<\/p>\n<p>&nbsp;<\/p>\n<p><strong>Resultado das Submiss\u00f5es<\/strong>:<\/p>\n<p><a href=\"https:\/\/educardigitalinova.com.br\/digital\/wp-content\/uploads\/2019\/08\/II-Seminario-de-Cultura-Digital-Resultado-das-Submissoes.pdf\">II Semin\u00e1rio de Cultura Digital &#8211; Resultado das Submiss\u00f5es<\/a>!<\/p>\n<p>Por favor, verifique todos os dados do seu trabalho. A modalidade de apresenta\u00e7\u00e3o \u00e9 comunica\u00e7\u00e3o oral.<\/p>\n<p><strong>Programa\u00e7\u00e3o do Evento:<\/strong><span style=\"display: inline !important; float: none; background-color: #ffffff; color: #333333; cursor: text; font-family: Georgia,'Times New Roman','Bitstream Charter',Times,serif; font-size: 16px; font-style: normal; font-variant: normal; font-weight: 400; letter-spacing: normal; orphans: 2; text-align: left; text-decoration: none; text-indent: 0px; text-transform: none; -webkit-text-stroke-width: 0px; white-space: normal; word-spacing: 0px;\"> Prevista para o dia 27 de agosto<\/span><\/p>\n<p>&nbsp;<\/p>\n<p><strong>Tem\u00e1ticas para a submiss\u00e3o de Propostas de Comunica\u00e7\u00e3o Oral:<\/strong><\/p>\n<ul>\n<li>Cultura Digital e Inova\u00e7\u00e3o em Educa\u00e7\u00e3o<\/li>\n<li>Tecnologias Digitais e Pr\u00e1ticas Pedag\u00f3gicas<\/li>\n<li>Letramento Digital e M\u00faltiplas Linguagens<\/li>\n<li>Plataformas Digitais, Aplicativos e Comunica\u00e7\u00e3o<\/li>\n<\/ul>\n<p><strong><br \/>\nNormas B\u00e1sicas de Submiss\u00e3o:<\/strong><\/p>\n<ul>\n<li>Cada trabalho poder\u00e1 ter, no m\u00e1ximo, <strong>3 autores<\/strong>.<\/li>\n<li>Cada proponente pode submeter at\u00e9<strong> 2 trabalhos como autor \u00fanico ou autor 1<\/strong>.<\/li>\n<li>Alunos de gradua\u00e7\u00e3o podem submeter com seus orientadores ou professores.<\/li>\n<li>Apenas os autores presentes ter\u00e3o direito \u00e0 certifica\u00e7\u00e3o.<\/li>\n<li>Submiss\u00f5es <strong>gratuitas<\/strong> de propostas de comunica\u00e7\u00e3o.<\/li>\n<li>Os resumos devem ter entre <strong>200 e 300 palavras<\/strong>.<\/li>\n<\/ul>\n<p><strong><br \/>\nPrazo de Envio de Propostas (Comunica\u00e7\u00e3o Oral &#8211; 15 minutos):<\/strong><\/p>\n<p>De 25 de junho a 6 de agosto &#8211; Apenas por formul\u00e1rio espec\u00edfico para isso. N\u00e3o s\u00e3o aceitas submiss\u00f5es por e-mail.<\/p>\n<p><strong>Resultado das Submiss\u00f5es<\/strong>:<\/p>\n<p><a href=\"https:\/\/educardigitalinova.com.br\/digital\/wp-content\/uploads\/2019\/08\/II-Seminario-de-Cultura-Digital-Resultado-das-Submissoes.pdf\">II Semin\u00e1rio de Cultura Digital &#8211; Resultado das Submiss\u00f5es<\/a>!<\/p>\n<p>Por favor, verifique todos os dados do seu trabalho. A modalidade de apresenta\u00e7\u00e3o \u00e9 comunica\u00e7\u00e3o oral.<\/p>\n<p>&nbsp;<\/p>\n<p><strong>Programa\u00e7\u00e3o do Evento:<\/strong> Prevista para o dia 23 de agosto<\/p>\n<p><strong>Realiza\u00e7\u00e3o:<\/strong><\/p>\n<ul>\n<li>Grupo de Pesquisa LATED (Lingu\u00edstica Aplicada Tecnologias e Educa\u00e7\u00e3o) da UNIGRANRIO<\/li>\n<\/ul>\n<ul>\n<li><a href=\"http:\/\/dgp.cnpq.br\/dgp\/espelhogrupo\/7504862318528764\" target=\"_blank\" rel=\"noreferrer noopener\">Espelho do Grupo no Diret\u00f3rio de grupos de Pesquisa no CNPq.\u00a0<\/a><\/li>\n<\/ul>\n<p><strong><br \/>\nComiss\u00e3o Organizadora:<\/strong><\/p>\n<p><strong>Prof. Dr. M\u00e1rcio Luiz Corr\u00eaa Vila\u00e7a (L\u00edder do Grupo de Pesquisa LATED)<br \/>\nJovem Cientista do Nosso Estado &#8211; FAPERJ<br \/>\n<\/strong>Professor do PPG em Humanidades, Culturas e Artes- Mestrado e Doutorado &#8211; e da Gradua\u00e7\u00e3o em Letras da UNIGRANRIO<\/p>\n<p><strong>Prof. Ms. <\/strong><strong>Lilia Aparecida Costa Gon\u00e7alves<\/strong><br \/>\nProfessora da Gradua\u00e7\u00e3o em Letras da UNIGRANRIO<\/p>\n<p><strong>Profa. Dra. Daniele Ribeiro Fortuna<br \/>\n<\/strong><span style=\"display: inline !important; float: none; background-color: #ffffff; color: #333333; cursor: text; font-family: Georgia,'Times New Roman','Bitstream Charter',Times,serif; font-size: 16px; font-style: normal; font-variant: normal; font-weight: 400; letter-spacing: normal; orphans: 2; text-align: left; text-decoration: none; text-indent: 0px; text-transform: none; -webkit-text-stroke-width: 0px; white-space: normal; word-spacing: 0px;\">Professor do PPG em Humanidades, Culturas e Artes- Mestrado e Doutorado<\/span> &#8211; da UNIGRANRIO<\/p>\n<p><strong>Contato<\/strong><strong>:\u00a0<\/strong><\/p>\n<div class=\"wp-block-image\">\n<figure class=\"aligncenter\"><img decoding=\"async\" class=\"wp-image-433\" src=\"https:\/\/educardigitalinova.com.br\/digital\/wp-content\/uploads\/2018\/07\/educadoratual-e-mail-Verdana14-300x68.jpg\" alt=\"\" \/><\/figure>\n<\/div>\n<p><strong><br \/>\nApoio:\u00a0<\/strong><\/p>\n<p><img decoding=\"async\" class=\"alignnone size-medium wp-image-253\" src=\"https:\/\/educardigitalinova.com.br\/digital\/wp-content\/uploads\/2019\/06\/logo-FAPERJ-PB-300x126.jpg\" alt=\"\" width=\"300\" height=\"126\" \/><\/p>\n","protected":false},"excerpt":{"rendered":"<p>II Semin\u00e1rio de Cultura Digital, Inova\u00e7\u00e3o e Educa\u00e7\u00e3o 11 e 12 de Setembro de 2019 &#8211; UNIGRANRIO &#8211; Duque de Caxias Rua Prof. Jos\u00e9 de Souza Herdy, 1.160 &#8211; Jardim 25 de Agosto, Duque de Caxias &#8211; RJ &nbsp; Veja a Programa\u00e7\u00e3o no link abaixo: Programa\u00e7\u00e3o Semin\u00e1rio de Cultura Digital 2019 &#8211; Atualizada em 06-09&#8230;<\/p>\n","protected":false},"author":1,"featured_media":0,"parent":0,"menu_order":0,"comment_status":"closed","ping_status":"closed","template":"","meta":{"footnotes":""},"class_list":["post-251","page","type-page","status-publish","hentry"],"_links":{"self":[{"href":"https:\/\/educardigitalinova.com.br\/digital\/wp-json\/wp\/v2\/pages\/251","targetHints":{"allow":["GET"]}}],"collection":[{"href":"https:\/\/educardigitalinova.com.br\/digital\/wp-json\/wp\/v2\/pages"}],"about":[{"href":"https:\/\/educardigitalinova.com.br\/digital\/wp-json\/wp\/v2\/types\/page"}],"author":[{"embeddable":true,"href":"https:\/\/educardigitalinova.com.br\/digital\/wp-json\/wp\/v2\/users\/1"}],"replies":[{"embeddable":true,"href":"https:\/\/educardigitalinova.com.br\/digital\/wp-json\/wp\/v2\/comments?post=251"}],"version-history":[{"count":0,"href":"https:\/\/educardigitalinova.com.br\/digital\/wp-json\/wp\/v2\/pages\/251\/revisions"}],"wp:attachment":[{"href":"https:\/\/educardigitalinova.com.br\/digital\/wp-json\/wp\/v2\/media?parent=251"}],"curies":[{"name":"wp","href":"https:\/\/api.w.org\/{rel}","templated":true}]}}